{"id":39522,"date":"2025-10-20T23:31:03","date_gmt":"2025-10-20T21:31:03","guid":{"rendered":"https:\/\/animefigurer.se\/produkt\/kirby-plush-figure-kirby-animal\/"},"modified":"2025-12-21T19:31:07","modified_gmt":"2025-12-21T18:31:07","slug":"kirby-plush-figure-kirby-animal","status":"publish","type":"product","link":"http:\/\/animefigurer.se\/en\/figurer\/kirby\/kirby-plush-figure-kirby-animal\/","title":{"rendered":"Kirby Plush Figure Kirby Animal"},"content":{"rendered":"<p>\u2013 Officially licensed, high-quality plush figure<br \/>\n\u2013 Size: 12 cm<br \/>\n\u2013 Material: 100% polyester<\/p>","protected":false},"excerpt":{"rendered":"<p>\u2013 Officially licensed, high-quality plush figure<br \/>\n\u2013 Size: 12 cm<br \/>\n\u2013 Material: 100% polyester<\/p>","protected":false},"featured_media":39523,"comment_status":"closed","ping_status":"open","template":"","meta":{"_acf_changed":false,"_monsterinsights_skip_tracking":false,"_monsterinsights_sitenote_active":false,"_monsterinsights_sitenote_note":"","_monsterinsights_sitenote_category":0},"product_brand":[7165],"product_cat":[3322],"product_tag":[24],"giftcard-category":[],"class_list":{"0":"post-39522","1":"product","2":"type-product","3":"status-publish","4":"has-post-thumbnail","6":"product_brand-together-plus","7":"product_cat-kirby","8":"product_tag-2-3-weeks","9":"pa_karaktar-kirby","10":"pa_storlek-12-cm","12":"first","13":"instock","14":"taxable","15":"shipping-taxable","16":"purchasable","17":"product-type-simple"},"acf":[],"yoast_head":"<!-- This site is optimized with the Yoast SEO Premium plugin v24.6 (Yoast SEO v27.3) - https:\/\/yoast.com\/product\/yoast-seo-premium-wordpress\/ -->\n<title>Kirby Plush Figure Kirby Animal | Animefigurer.se<\/title>\n<meta name=\"robots\" content=\"index, follow, max-snippet:-1, max-image-preview:large, max-video-preview:-1\" \/>\n<link rel=\"canonical\" href=\"http:\/\/animefigurer.se\/en\/figurer\/kirby\/kirby-plush-figure-kirby-animal\/\" \/>\n<meta property=\"og:locale\" content=\"en_GB\" \/>\n<meta property=\"og:type\" content=\"article\" \/>\n<meta property=\"og:title\" content=\"Kirby Plush Figure Kirby Animal\" \/>\n<meta property=\"og:description\" content=\"- Officiellt licensierad plyschfigur av h\u00f6g kvalitet - Storlek: 12 cm - Material: 100% polyester\" \/>\n<meta property=\"og:url\" content=\"http:\/\/animefigurer.se\/en\/figurer\/kirby\/kirby-plush-figure-kirby-animal\/\" \/>\n<meta property=\"og:site_name\" content=\"Animefigurer.se\" \/>\n<meta property=\"article:publisher\" content=\"https:\/\/www.facebook.com\/profile.php?id=61581826539670\" \/>\n<meta property=\"article:modified_time\" content=\"2025-12-21T18:31:07+00:00\" \/>\n<meta property=\"og:image\" content=\"https:\/\/animefigurer.se\/wp-content\/uploads\/2025\/12\/Animefigurer_logowhite.png\" \/>\n\t<meta property=\"og:image:width\" content=\"1890\" \/>\n\t<meta property=\"og:image:height\" content=\"1417\" \/>\n\t<meta property=\"og:image:type\" content=\"image\/png\" \/>\n<meta name=\"twitter:card\" content=\"summary_large_image\" \/>\n<script type=\"application\/ld+json\" class=\"yoast-schema-graph\">{\"@context\":\"https:\\\/\\\/schema.org\",\"@graph\":[{\"@type\":\"WebPage\",\"@id\":\"https:\\\/\\\/animefigurer.se\\\/figurer\\\/kirby\\\/kirby-plush-figure-kirby-animal\\\/\",\"url\":\"https:\\\/\\\/animefigurer.se\\\/figurer\\\/kirby\\\/kirby-plush-figure-kirby-animal\\\/\",\"name\":\"Kirby Plush Figure Kirby Animal | Animefigurer.se\",\"isPartOf\":{\"@id\":\"https:\\\/\\\/animefigurer.se\\\/#website\"},\"primaryImageOfPage\":{\"@id\":\"https:\\\/\\\/animefigurer.se\\\/figurer\\\/kirby\\\/kirby-plush-figure-kirby-animal\\\/#primaryimage\"},\"image\":{\"@id\":\"https:\\\/\\\/animefigurer.se\\\/figurer\\\/kirby\\\/kirby-plush-figure-kirby-animal\\\/#primaryimage\"},\"thumbnailUrl\":\"https:\\\/\\\/animefigurer.se\\\/wp-content\\\/uploads\\\/2025\\\/10\\\/68adb0ad8a404.jpeg\",\"datePublished\":\"2025-10-20T21:31:03+00:00\",\"dateModified\":\"2025-12-21T18:31:07+00:00\",\"breadcrumb\":{\"@id\":\"https:\\\/\\\/animefigurer.se\\\/figurer\\\/kirby\\\/kirby-plush-figure-kirby-animal\\\/#breadcrumb\"},\"inLanguage\":\"en-GB\",\"potentialAction\":[{\"@type\":\"ReadAction\",\"target\":[\"https:\\\/\\\/animefigurer.se\\\/figurer\\\/kirby\\\/kirby-plush-figure-kirby-animal\\\/\"]}]},{\"@type\":\"ImageObject\",\"inLanguage\":\"en-GB\",\"@id\":\"https:\\\/\\\/animefigurer.se\\\/figurer\\\/kirby\\\/kirby-plush-figure-kirby-animal\\\/#primaryimage\",\"url\":\"https:\\\/\\\/animefigurer.se\\\/wp-content\\\/uploads\\\/2025\\\/10\\\/68adb0ad8a404.jpeg\",\"contentUrl\":\"https:\\\/\\\/animefigurer.se\\\/wp-content\\\/uploads\\\/2025\\\/10\\\/68adb0ad8a404.jpeg\",\"width\":1000,\"height\":1000},{\"@type\":\"BreadcrumbList\",\"@id\":\"https:\\\/\\\/animefigurer.se\\\/figurer\\\/kirby\\\/kirby-plush-figure-kirby-animal\\\/#breadcrumb\",\"itemListElement\":[{\"@type\":\"ListItem\",\"position\":1,\"name\":\"Home\",\"item\":\"https:\\\/\\\/animefigurer.se\\\/\"},{\"@type\":\"ListItem\",\"position\":2,\"name\":\"Butik\",\"item\":\"https:\\\/\\\/animefigurer.se\\\/figurer\\\/\"},{\"@type\":\"ListItem\",\"position\":3,\"name\":\"Kirby Plush Figure Kirby Animal\"}]},{\"@type\":\"WebSite\",\"@id\":\"https:\\\/\\\/animefigurer.se\\\/#website\",\"url\":\"https:\\\/\\\/animefigurer.se\\\/\",\"name\":\"Animefigurer.se\",\"description\":\"Anime figurer fr\u00e5n \u00f6ver 300 olika anime serier med \u00f6ver 9000 produkter | Anime Shop\",\"publisher\":{\"@id\":\"https:\\\/\\\/animefigurer.se\\\/#organization\"},\"potentialAction\":[{\"@type\":\"SearchAction\",\"target\":{\"@type\":\"EntryPoint\",\"urlTemplate\":\"https:\\\/\\\/animefigurer.se\\\/?s={search_term_string}\"},\"query-input\":{\"@type\":\"PropertyValueSpecification\",\"valueRequired\":true,\"valueName\":\"search_term_string\"}}],\"inLanguage\":\"en-GB\"},{\"@type\":\"Organization\",\"@id\":\"https:\\\/\\\/animefigurer.se\\\/#organization\",\"name\":\"Animefigurer.se\",\"alternateName\":\"Anime figurer | Anime shop\",\"url\":\"https:\\\/\\\/animefigurer.se\\\/\",\"logo\":{\"@type\":\"ImageObject\",\"inLanguage\":\"en-GB\",\"@id\":\"https:\\\/\\\/animefigurer.se\\\/#\\\/schema\\\/logo\\\/image\\\/\",\"url\":\"https:\\\/\\\/animefigurer.se\\\/wp-content\\\/uploads\\\/2025\\\/12\\\/Animefigurer_logowhite.png\",\"contentUrl\":\"https:\\\/\\\/animefigurer.se\\\/wp-content\\\/uploads\\\/2025\\\/12\\\/Animefigurer_logowhite.png\",\"width\":1890,\"height\":1417,\"caption\":\"Animefigurer.se\"},\"image\":{\"@id\":\"https:\\\/\\\/animefigurer.se\\\/#\\\/schema\\\/logo\\\/image\\\/\"},\"sameAs\":[\"https:\\\/\\\/www.facebook.com\\\/profile.php?id=61581826539670\",\"https:\\\/\\\/www.instagram.com\\\/animefigurer.se\\\/\"],\"email\":\"info@animefigurer.se\"}]}<\/script>\n<!-- \/ Yoast SEO Premium plugin. -->","yoast_head_json":{"title":"Kirby Plush Figure Kirby Animal | Animefigurer.se","robots":{"index":"index","follow":"follow","max-snippet":"max-snippet:-1","max-image-preview":"max-image-preview:large","max-video-preview":"max-video-preview:-1"},"canonical":"http:\/\/animefigurer.se\/en\/figurer\/kirby\/kirby-plush-figure-kirby-animal\/","og_locale":"en_GB","og_type":"article","og_title":"Kirby Plush Figure Kirby Animal","og_description":"- Officiellt licensierad plyschfigur av h\u00f6g kvalitet - Storlek: 12 cm - Material: 100% polyester","og_url":"http:\/\/animefigurer.se\/en\/figurer\/kirby\/kirby-plush-figure-kirby-animal\/","og_site_name":"Animefigurer.se","article_publisher":"https:\/\/www.facebook.com\/profile.php?id=61581826539670","article_modified_time":"2025-12-21T18:31:07+00:00","og_image":[{"width":1890,"height":1417,"url":"https:\/\/animefigurer.se\/wp-content\/uploads\/2025\/12\/Animefigurer_logowhite.png","type":"image\/png"}],"twitter_card":"summary_large_image","schema":{"@context":"https:\/\/schema.org","@graph":[{"@type":"WebPage","@id":"https:\/\/animefigurer.se\/figurer\/kirby\/kirby-plush-figure-kirby-animal\/","url":"https:\/\/animefigurer.se\/figurer\/kirby\/kirby-plush-figure-kirby-animal\/","name":"Kirby Plush Figure Kirby Animal | Animefigurer.se","isPartOf":{"@id":"https:\/\/animefigurer.se\/#website"},"primaryImageOfPage":{"@id":"https:\/\/animefigurer.se\/figurer\/kirby\/kirby-plush-figure-kirby-animal\/#primaryimage"},"image":{"@id":"https:\/\/animefigurer.se\/figurer\/kirby\/kirby-plush-figure-kirby-animal\/#primaryimage"},"thumbnailUrl":"https:\/\/animefigurer.se\/wp-content\/uploads\/2025\/10\/68adb0ad8a404.jpeg","datePublished":"2025-10-20T21:31:03+00:00","dateModified":"2025-12-21T18:31:07+00:00","breadcrumb":{"@id":"https:\/\/animefigurer.se\/figurer\/kirby\/kirby-plush-figure-kirby-animal\/#breadcrumb"},"inLanguage":"en-GB","potentialAction":[{"@type":"ReadAction","target":["https:\/\/animefigurer.se\/figurer\/kirby\/kirby-plush-figure-kirby-animal\/"]}]},{"@type":"ImageObject","inLanguage":"en-GB","@id":"https:\/\/animefigurer.se\/figurer\/kirby\/kirby-plush-figure-kirby-animal\/#primaryimage","url":"https:\/\/animefigurer.se\/wp-content\/uploads\/2025\/10\/68adb0ad8a404.jpeg","contentUrl":"https:\/\/animefigurer.se\/wp-content\/uploads\/2025\/10\/68adb0ad8a404.jpeg","width":1000,"height":1000},{"@type":"BreadcrumbList","@id":"https:\/\/animefigurer.se\/figurer\/kirby\/kirby-plush-figure-kirby-animal\/#breadcrumb","itemListElement":[{"@type":"ListItem","position":1,"name":"Home","item":"https:\/\/animefigurer.se\/"},{"@type":"ListItem","position":2,"name":"Butik","item":"https:\/\/animefigurer.se\/figurer\/"},{"@type":"ListItem","position":3,"name":"Kirby Plush Figure Kirby Animal"}]},{"@type":"WebSite","@id":"https:\/\/animefigurer.se\/#website","url":"https:\/\/animefigurer.se\/","name":"Animefigurer.se","description":"Anime figures from over 300 different anime series with over 9000 products | Anime Shop","publisher":{"@id":"https:\/\/animefigurer.se\/#organization"},"potentialAction":[{"@type":"SearchAction","target":{"@type":"EntryPoint","urlTemplate":"https:\/\/animefigurer.se\/?s={search_term_string}"},"query-input":{"@type":"PropertyValueSpecification","valueRequired":true,"valueName":"search_term_string"}}],"inLanguage":"en-GB"},{"@type":"Organization","@id":"https:\/\/animefigurer.se\/#organization","name":"Animefigurer.se","alternateName":"Anime figurer | Anime shop","url":"https:\/\/animefigurer.se\/","logo":{"@type":"ImageObject","inLanguage":"en-GB","@id":"https:\/\/animefigurer.se\/#\/schema\/logo\/image\/","url":"https:\/\/animefigurer.se\/wp-content\/uploads\/2025\/12\/Animefigurer_logowhite.png","contentUrl":"https:\/\/animefigurer.se\/wp-content\/uploads\/2025\/12\/Animefigurer_logowhite.png","width":1890,"height":1417,"caption":"Animefigurer.se"},"image":{"@id":"https:\/\/animefigurer.se\/#\/schema\/logo\/image\/"},"sameAs":["https:\/\/www.facebook.com\/profile.php?id=61581826539670","https:\/\/www.instagram.com\/animefigurer.se\/"],"email":"info@animefigurer.se"}]}},"_links":{"self":[{"href":"http:\/\/animefigurer.se\/en\/wp-json\/wp\/v2\/product\/39522","targetHints":{"allow":["GET"]}}],"collection":[{"href":"http:\/\/animefigurer.se\/en\/wp-json\/wp\/v2\/product"}],"about":[{"href":"http:\/\/animefigurer.se\/en\/wp-json\/wp\/v2\/types\/product"}],"replies":[{"embeddable":true,"href":"http:\/\/animefigurer.se\/en\/wp-json\/wp\/v2\/comments?post=39522"}],"wp:featuredmedia":[{"embeddable":true,"href":"http:\/\/animefigurer.se\/en\/wp-json\/wp\/v2\/media\/39523"}],"wp:attachment":[{"href":"http:\/\/animefigurer.se\/en\/wp-json\/wp\/v2\/media?parent=39522"}],"wp:term":[{"taxonomy":"product_brand","embeddable":true,"href":"http:\/\/animefigurer.se\/en\/wp-json\/wp\/v2\/product_brand?post=39522"},{"taxonomy":"product_cat","embeddable":true,"href":"http:\/\/animefigurer.se\/en\/wp-json\/wp\/v2\/product_cat?post=39522"},{"taxonomy":"product_tag","embeddable":true,"href":"http:\/\/animefigurer.se\/en\/wp-json\/wp\/v2\/product_tag?post=39522"},{"taxonomy":"giftcard-category","embeddable":true,"href":"http:\/\/animefigurer.se\/en\/wp-json\/wp\/v2\/giftcard-category?post=39522"}],"curies":[{"name":"wp","href":"https:\/\/api.w.org\/{rel}","templated":true}]}}