{"id":38321,"date":"2025-10-20T23:21:52","date_gmt":"2025-10-20T21:21:52","guid":{"rendered":"https:\/\/animefigurer.se\/produkt\/jujutsu-kaisen-grandista-fushiguro-megumi-figure\/"},"modified":"2026-04-12T14:30:02","modified_gmt":"2026-04-12T12:30:02","slug":"jujutsu-kaisen-grandista-fushiguro-megumi-figure","status":"publish","type":"product","link":"http:\/\/animefigurer.se\/en\/figurer\/jujutsu-kaisen\/jujutsu-kaisen-grandista-fushiguro-megumi-figure\/","title":{"rendered":"Jujutsu Kaisen Grandista Fushiguro Megumi Figure"},"content":{"rendered":"<p>From Jujutsu Kaisen comes Fushiguro Megumi as part of the Grandista series from Banpresto.<\/p>","protected":false},"excerpt":{"rendered":"<p>From Jujutsu Kaisen comes Fushiguro Megumi as part of the Grandista series from Banpresto.<\/p>","protected":false},"featured_media":89650,"comment_status":"closed","ping_status":"closed","template":"","meta":{"_acf_changed":false,"_monsterinsights_skip_tracking":false,"_monsterinsights_sitenote_active":false,"_monsterinsights_sitenote_note":"","_monsterinsights_sitenote_category":0},"product_brand":[6928],"product_cat":[3210],"product_tag":[25],"giftcard-category":[],"class_list":{"0":"post-38321","1":"product","2":"type-product","3":"status-publish","4":"has-post-thumbnail","6":"product_brand-banpresto","7":"product_cat-jujutsu-kaisen","8":"product_tag-i-lager","9":"pa_franchise-jujutsu-kaisen","10":"pa_karaktar-fushiguro-megumi","11":"pa_material-pvc-abs","12":"pa_produktserie-grandista","13":"pa_storlek-24-cm","15":"first","16":"instock","17":"sale","18":"taxable","19":"shipping-taxable","20":"purchasable","21":"product-type-simple"},"acf":[],"yoast_head":"<!-- This site is optimized with the Yoast SEO Premium plugin v24.6 (Yoast SEO v27.3) - https:\/\/yoast.com\/product\/yoast-seo-premium-wordpress\/ -->\n<title>Jujutsu Kaisen Grandista Fushiguro Megumi Figure | Animefigurer.se<\/title>\n<meta name=\"robots\" content=\"index, follow, max-snippet:-1, max-image-preview:large, max-video-preview:-1\" \/>\n<link rel=\"canonical\" href=\"http:\/\/animefigurer.se\/en\/figurer\/jujutsu-kaisen\/jujutsu-kaisen-grandista-fushiguro-megumi-figure\/\" \/>\n<meta property=\"og:locale\" content=\"en_GB\" \/>\n<meta property=\"og:type\" content=\"article\" \/>\n<meta property=\"og:title\" content=\"Jujutsu Kaisen Grandista Fushiguro Megumi Figure\" \/>\n<meta property=\"og:description\" content=\"Fr\u00e5n Jujutsu Kaisen kommer Fushiguro Megumi som del i Grandista\u2011serien fr\u00e5n Banpresto.\" \/>\n<meta property=\"og:url\" content=\"http:\/\/animefigurer.se\/en\/figurer\/jujutsu-kaisen\/jujutsu-kaisen-grandista-fushiguro-megumi-figure\/\" \/>\n<meta property=\"og:site_name\" content=\"Animefigurer.se\" \/>\n<meta property=\"article:publisher\" content=\"https:\/\/www.facebook.com\/profile.php?id=61581826539670\" \/>\n<meta property=\"article:modified_time\" content=\"2026-04-12T12:30:02+00:00\" \/>\n<meta property=\"og:image\" content=\"https:\/\/animefigurer.se\/wp-content\/uploads\/2025\/10\/JujutsuKaisenGrandista-MegumiFushiguro.webp\" \/>\n\t<meta property=\"og:image:width\" content=\"1000\" \/>\n\t<meta property=\"og:image:height\" content=\"1000\" \/>\n\t<meta property=\"og:image:type\" content=\"image\/webp\" \/>\n<meta name=\"twitter:card\" content=\"summary_large_image\" \/>\n<meta name=\"twitter:label1\" content=\"Estimated reading time\" \/>\n\t<meta name=\"twitter:data1\" content=\"1 minute\" \/>\n<script type=\"application\/ld+json\" class=\"yoast-schema-graph\">{\"@context\":\"https:\\\/\\\/schema.org\",\"@graph\":[{\"@type\":\"WebPage\",\"@id\":\"https:\\\/\\\/animefigurer.se\\\/figurer\\\/jujutsu-kaisen\\\/jujutsu-kaisen-grandista-fushiguro-megumi-figure\\\/\",\"url\":\"https:\\\/\\\/animefigurer.se\\\/figurer\\\/jujutsu-kaisen\\\/jujutsu-kaisen-grandista-fushiguro-megumi-figure\\\/\",\"name\":\"Jujutsu Kaisen Grandista Fushiguro Megumi Figure | Animefigurer.se\",\"isPartOf\":{\"@id\":\"https:\\\/\\\/animefigurer.se\\\/#website\"},\"primaryImageOfPage\":{\"@id\":\"https:\\\/\\\/animefigurer.se\\\/figurer\\\/jujutsu-kaisen\\\/jujutsu-kaisen-grandista-fushiguro-megumi-figure\\\/#primaryimage\"},\"image\":{\"@id\":\"https:\\\/\\\/animefigurer.se\\\/figurer\\\/jujutsu-kaisen\\\/jujutsu-kaisen-grandista-fushiguro-megumi-figure\\\/#primaryimage\"},\"thumbnailUrl\":\"https:\\\/\\\/animefigurer.se\\\/wp-content\\\/uploads\\\/2025\\\/10\\\/JujutsuKaisenGrandista-MegumiFushiguro.webp\",\"datePublished\":\"2025-10-20T21:21:52+00:00\",\"dateModified\":\"2026-04-12T12:30:02+00:00\",\"breadcrumb\":{\"@id\":\"https:\\\/\\\/animefigurer.se\\\/figurer\\\/jujutsu-kaisen\\\/jujutsu-kaisen-grandista-fushiguro-megumi-figure\\\/#breadcrumb\"},\"inLanguage\":\"en-GB\",\"potentialAction\":[{\"@type\":\"ReadAction\",\"target\":[\"https:\\\/\\\/animefigurer.se\\\/figurer\\\/jujutsu-kaisen\\\/jujutsu-kaisen-grandista-fushiguro-megumi-figure\\\/\"]}]},{\"@type\":\"ImageObject\",\"inLanguage\":\"en-GB\",\"@id\":\"https:\\\/\\\/animefigurer.se\\\/figurer\\\/jujutsu-kaisen\\\/jujutsu-kaisen-grandista-fushiguro-megumi-figure\\\/#primaryimage\",\"url\":\"https:\\\/\\\/animefigurer.se\\\/wp-content\\\/uploads\\\/2025\\\/10\\\/JujutsuKaisenGrandista-MegumiFushiguro.webp\",\"contentUrl\":\"https:\\\/\\\/animefigurer.se\\\/wp-content\\\/uploads\\\/2025\\\/10\\\/JujutsuKaisenGrandista-MegumiFushiguro.webp\",\"width\":1000,\"height\":1000,\"caption\":\"Jujutsu Kaisen Grandista -FUSHIGURO MEGUMI figure\"},{\"@type\":\"BreadcrumbList\",\"@id\":\"https:\\\/\\\/animefigurer.se\\\/figurer\\\/jujutsu-kaisen\\\/jujutsu-kaisen-grandista-fushiguro-megumi-figure\\\/#breadcrumb\",\"itemListElement\":[{\"@type\":\"ListItem\",\"position\":1,\"name\":\"Home\",\"item\":\"https:\\\/\\\/animefigurer.se\\\/\"},{\"@type\":\"ListItem\",\"position\":2,\"name\":\"Butik\",\"item\":\"https:\\\/\\\/animefigurer.se\\\/figurer\\\/\"},{\"@type\":\"ListItem\",\"position\":3,\"name\":\"Jujutsu Kaisen Grandista Fushiguro Megumi Figure\"}]},{\"@type\":\"WebSite\",\"@id\":\"https:\\\/\\\/animefigurer.se\\\/#website\",\"url\":\"https:\\\/\\\/animefigurer.se\\\/\",\"name\":\"Animefigurer.se\",\"description\":\"Anime figurer fr\u00e5n \u00f6ver 300 olika anime serier med \u00f6ver 9000 produkter | Anime Shop\",\"publisher\":{\"@id\":\"https:\\\/\\\/animefigurer.se\\\/#organization\"},\"potentialAction\":[{\"@type\":\"SearchAction\",\"target\":{\"@type\":\"EntryPoint\",\"urlTemplate\":\"https:\\\/\\\/animefigurer.se\\\/?s={search_term_string}\"},\"query-input\":{\"@type\":\"PropertyValueSpecification\",\"valueRequired\":true,\"valueName\":\"search_term_string\"}}],\"inLanguage\":\"en-GB\"},{\"@type\":\"Organization\",\"@id\":\"https:\\\/\\\/animefigurer.se\\\/#organization\",\"name\":\"Animefigurer.se\",\"alternateName\":\"Anime figurer | Anime shop\",\"url\":\"https:\\\/\\\/animefigurer.se\\\/\",\"logo\":{\"@type\":\"ImageObject\",\"inLanguage\":\"en-GB\",\"@id\":\"https:\\\/\\\/animefigurer.se\\\/#\\\/schema\\\/logo\\\/image\\\/\",\"url\":\"https:\\\/\\\/animefigurer.se\\\/wp-content\\\/uploads\\\/2025\\\/12\\\/Animefigurer_logowhite.png\",\"contentUrl\":\"https:\\\/\\\/animefigurer.se\\\/wp-content\\\/uploads\\\/2025\\\/12\\\/Animefigurer_logowhite.png\",\"width\":1890,\"height\":1417,\"caption\":\"Animefigurer.se\"},\"image\":{\"@id\":\"https:\\\/\\\/animefigurer.se\\\/#\\\/schema\\\/logo\\\/image\\\/\"},\"sameAs\":[\"https:\\\/\\\/www.facebook.com\\\/profile.php?id=61581826539670\",\"https:\\\/\\\/www.instagram.com\\\/animefigurer.se\\\/\"],\"email\":\"info@animefigurer.se\"}]}<\/script>\n<!-- \/ Yoast SEO Premium plugin. -->","yoast_head_json":{"title":"Jujutsu Kaisen Grandista Fushiguro Megumi Figure | Animefigurer.se","robots":{"index":"index","follow":"follow","max-snippet":"max-snippet:-1","max-image-preview":"max-image-preview:large","max-video-preview":"max-video-preview:-1"},"canonical":"http:\/\/animefigurer.se\/en\/figurer\/jujutsu-kaisen\/jujutsu-kaisen-grandista-fushiguro-megumi-figure\/","og_locale":"en_GB","og_type":"article","og_title":"Jujutsu Kaisen Grandista Fushiguro Megumi Figure","og_description":"Fr\u00e5n Jujutsu Kaisen kommer Fushiguro Megumi som del i Grandista\u2011serien fr\u00e5n Banpresto.","og_url":"http:\/\/animefigurer.se\/en\/figurer\/jujutsu-kaisen\/jujutsu-kaisen-grandista-fushiguro-megumi-figure\/","og_site_name":"Animefigurer.se","article_publisher":"https:\/\/www.facebook.com\/profile.php?id=61581826539670","article_modified_time":"2026-04-12T12:30:02+00:00","og_image":[{"width":1000,"height":1000,"url":"https:\/\/animefigurer.se\/wp-content\/uploads\/2025\/10\/JujutsuKaisenGrandista-MegumiFushiguro.webp","type":"image\/webp"}],"twitter_card":"summary_large_image","twitter_misc":{"Estimated reading time":"1 minute"},"schema":{"@context":"https:\/\/schema.org","@graph":[{"@type":"WebPage","@id":"https:\/\/animefigurer.se\/figurer\/jujutsu-kaisen\/jujutsu-kaisen-grandista-fushiguro-megumi-figure\/","url":"https:\/\/animefigurer.se\/figurer\/jujutsu-kaisen\/jujutsu-kaisen-grandista-fushiguro-megumi-figure\/","name":"Jujutsu Kaisen Grandista Fushiguro Megumi Figure | Animefigurer.se","isPartOf":{"@id":"https:\/\/animefigurer.se\/#website"},"primaryImageOfPage":{"@id":"https:\/\/animefigurer.se\/figurer\/jujutsu-kaisen\/jujutsu-kaisen-grandista-fushiguro-megumi-figure\/#primaryimage"},"image":{"@id":"https:\/\/animefigurer.se\/figurer\/jujutsu-kaisen\/jujutsu-kaisen-grandista-fushiguro-megumi-figure\/#primaryimage"},"thumbnailUrl":"https:\/\/animefigurer.se\/wp-content\/uploads\/2025\/10\/JujutsuKaisenGrandista-MegumiFushiguro.webp","datePublished":"2025-10-20T21:21:52+00:00","dateModified":"2026-04-12T12:30:02+00:00","breadcrumb":{"@id":"https:\/\/animefigurer.se\/figurer\/jujutsu-kaisen\/jujutsu-kaisen-grandista-fushiguro-megumi-figure\/#breadcrumb"},"inLanguage":"en-GB","potentialAction":[{"@type":"ReadAction","target":["https:\/\/animefigurer.se\/figurer\/jujutsu-kaisen\/jujutsu-kaisen-grandista-fushiguro-megumi-figure\/"]}]},{"@type":"ImageObject","inLanguage":"en-GB","@id":"https:\/\/animefigurer.se\/figurer\/jujutsu-kaisen\/jujutsu-kaisen-grandista-fushiguro-megumi-figure\/#primaryimage","url":"https:\/\/animefigurer.se\/wp-content\/uploads\/2025\/10\/JujutsuKaisenGrandista-MegumiFushiguro.webp","contentUrl":"https:\/\/animefigurer.se\/wp-content\/uploads\/2025\/10\/JujutsuKaisenGrandista-MegumiFushiguro.webp","width":1000,"height":1000,"caption":"Jujutsu Kaisen Grandista -FUSHIGURO MEGUMI figure"},{"@type":"BreadcrumbList","@id":"https:\/\/animefigurer.se\/figurer\/jujutsu-kaisen\/jujutsu-kaisen-grandista-fushiguro-megumi-figure\/#breadcrumb","itemListElement":[{"@type":"ListItem","position":1,"name":"Home","item":"https:\/\/animefigurer.se\/"},{"@type":"ListItem","position":2,"name":"Butik","item":"https:\/\/animefigurer.se\/figurer\/"},{"@type":"ListItem","position":3,"name":"Jujutsu Kaisen Grandista Fushiguro Megumi Figure"}]},{"@type":"WebSite","@id":"https:\/\/animefigurer.se\/#website","url":"https:\/\/animefigurer.se\/","name":"Animefigurer.se","description":"Anime figures from over 300 different anime series with over 9000 products | Anime Shop","publisher":{"@id":"https:\/\/animefigurer.se\/#organization"},"potentialAction":[{"@type":"SearchAction","target":{"@type":"EntryPoint","urlTemplate":"https:\/\/animefigurer.se\/?s={search_term_string}"},"query-input":{"@type":"PropertyValueSpecification","valueRequired":true,"valueName":"search_term_string"}}],"inLanguage":"en-GB"},{"@type":"Organization","@id":"https:\/\/animefigurer.se\/#organization","name":"Animefigurer.se","alternateName":"Anime figurer | Anime shop","url":"https:\/\/animefigurer.se\/","logo":{"@type":"ImageObject","inLanguage":"en-GB","@id":"https:\/\/animefigurer.se\/#\/schema\/logo\/image\/","url":"https:\/\/animefigurer.se\/wp-content\/uploads\/2025\/12\/Animefigurer_logowhite.png","contentUrl":"https:\/\/animefigurer.se\/wp-content\/uploads\/2025\/12\/Animefigurer_logowhite.png","width":1890,"height":1417,"caption":"Animefigurer.se"},"image":{"@id":"https:\/\/animefigurer.se\/#\/schema\/logo\/image\/"},"sameAs":["https:\/\/www.facebook.com\/profile.php?id=61581826539670","https:\/\/www.instagram.com\/animefigurer.se\/"],"email":"info@animefigurer.se"}]}},"_links":{"self":[{"href":"http:\/\/animefigurer.se\/en\/wp-json\/wp\/v2\/product\/38321","targetHints":{"allow":["GET"]}}],"collection":[{"href":"http:\/\/animefigurer.se\/en\/wp-json\/wp\/v2\/product"}],"about":[{"href":"http:\/\/animefigurer.se\/en\/wp-json\/wp\/v2\/types\/product"}],"replies":[{"embeddable":true,"href":"http:\/\/animefigurer.se\/en\/wp-json\/wp\/v2\/comments?post=38321"}],"wp:featuredmedia":[{"embeddable":true,"href":"http:\/\/animefigurer.se\/en\/wp-json\/wp\/v2\/media\/89650"}],"wp:attachment":[{"href":"http:\/\/animefigurer.se\/en\/wp-json\/wp\/v2\/media?parent=38321"}],"wp:term":[{"taxonomy":"product_brand","embeddable":true,"href":"http:\/\/animefigurer.se\/en\/wp-json\/wp\/v2\/product_brand?post=38321"},{"taxonomy":"product_cat","embeddable":true,"href":"http:\/\/animefigurer.se\/en\/wp-json\/wp\/v2\/product_cat?post=38321"},{"taxonomy":"product_tag","embeddable":true,"href":"http:\/\/animefigurer.se\/en\/wp-json\/wp\/v2\/product_tag?post=38321"},{"taxonomy":"giftcard-category","embeddable":true,"href":"http:\/\/animefigurer.se\/en\/wp-json\/wp\/v2\/giftcard-category?post=38321"}],"curies":[{"name":"wp","href":"https:\/\/api.w.org\/{rel}","templated":true}]}}