{"id":37492,"date":"2025-10-20T23:16:00","date_gmt":"2025-10-20T21:16:00","guid":{"rendered":"https:\/\/animefigurer.se\/produkt\/jujutsu-kaisen-artfx-j-toge-inumaki\/"},"modified":"2026-04-10T14:25:56","modified_gmt":"2026-04-10T12:25:56","slug":"jujutsu-kaisen-artfx-j-toge-inumaki","status":"publish","type":"product","link":"http:\/\/animefigurer.se\/en\/figurer\/jujutsu-kaisen\/jujutsu-kaisen-artfx-j-toge-inumaki\/","title":{"rendered":"Jujutsu Kaisen ArtFX J Toge Inumaki"},"content":{"rendered":"<p>From the TV anime JUJUTSU KAISEN comes Toge Inumaki as a detailed scale figure from Kotobukiya!<\/p>\n<p>He is depicted in a battle-ready pose, with even small details like hair and hand expressions carefully rendered. His signature neck warmer and right arm are interchangeable, so you can display him with the zipper open.<\/p>\n<p>The base is designed in Toge Inumaki&#039;s signature colors to capture the atmosphere of the series.<\/p>\n<p>Place next to upcoming Maki Zen&#039;in and Panda to recreate the world of JUJUTSU KAISEN.<\/p>","protected":false},"excerpt":{"rendered":"<p>From the TV anime JUJUTSU KAISEN comes Toge Inumaki as a detailed scale figure from Kotobukiya!<\/p>\n<p>He is rendered in a battle-ready pose with even small details like hair and hand expressions carefully rendered. His signature neck warmer and right arm are interchangeable, so you can display him with a zipper<\/p>","protected":false},"featured_media":37493,"comment_status":"closed","ping_status":"open","template":"","meta":{"_acf_changed":false,"_monsterinsights_skip_tracking":false,"_monsterinsights_sitenote_active":false,"_monsterinsights_sitenote_note":"","_monsterinsights_sitenote_category":0},"product_brand":[6892],"product_cat":[3210],"product_tag":[24],"giftcard-category":[],"class_list":{"0":"post-37492","1":"product","2":"type-product","3":"status-publish","4":"has-post-thumbnail","6":"product_brand-kotobukiya","7":"product_cat-jujutsu-kaisen","8":"product_tag-2-3-weeks","9":"pa_franchise-jujutsu-kaisen","10":"pa_karaktar-toge-inumaki","11":"pa_material-pvc-abs","12":"pa_produktserie-artfx-j","13":"pa_skala-554","14":"pa_storlek-17-cm","16":"first","17":"instock","18":"taxable","19":"shipping-taxable","20":"purchasable","21":"product-type-simple"},"acf":[],"yoast_head":"<!-- This site is optimized with the Yoast SEO Premium plugin v24.6 (Yoast SEO v27.3) - https:\/\/yoast.com\/product\/yoast-seo-premium-wordpress\/ -->\n<title>Jujutsu Kaisen ArtFX J Toge Inumaki | Animefigurer.se<\/title>\n<meta name=\"robots\" content=\"index, follow, max-snippet:-1, max-image-preview:large, max-video-preview:-1\" \/>\n<link rel=\"canonical\" href=\"http:\/\/animefigurer.se\/en\/figurer\/jujutsu-kaisen\/jujutsu-kaisen-artfx-j-toge-inumaki\/\" \/>\n<meta property=\"og:locale\" content=\"en_GB\" \/>\n<meta property=\"og:type\" content=\"article\" \/>\n<meta property=\"og:title\" content=\"Jujutsu Kaisen ArtFX J Toge Inumaki\" \/>\n<meta property=\"og:description\" content=\"Fr\u00e5n TV-animen JUJUTSU KAISEN kommer Toge Inumaki som en detaljrik skalafigur fr\u00e5n Kotobukiya! Han \u00e5terges i en stridsberedd pose d\u00e4r \u00e4ven sm\u00e5 detaljer som h\u00e5rstr\u00e5n och handens uttryck noggrant \u00e5tergetts. Hans karakteristiska nackv\u00e4rmare och h\u00f6gra arm \u00e4r utbytbara, s\u00e5 du kan visa honom med dragkedj\" \/>\n<meta property=\"og:url\" content=\"http:\/\/animefigurer.se\/en\/figurer\/jujutsu-kaisen\/jujutsu-kaisen-artfx-j-toge-inumaki\/\" \/>\n<meta property=\"og:site_name\" content=\"Animefigurer.se\" \/>\n<meta property=\"article:publisher\" content=\"https:\/\/www.facebook.com\/profile.php?id=61581826539670\" \/>\n<meta property=\"article:modified_time\" content=\"2026-04-10T12:25:56+00:00\" \/>\n<meta property=\"og:image\" content=\"https:\/\/animefigurer.se\/wp-content\/uploads\/2025\/12\/Animefigurer_logowhite.png\" \/>\n\t<meta property=\"og:image:width\" content=\"1890\" \/>\n\t<meta property=\"og:image:height\" content=\"1417\" \/>\n\t<meta property=\"og:image:type\" content=\"image\/png\" \/>\n<meta name=\"twitter:card\" content=\"summary_large_image\" \/>\n<script type=\"application\/ld+json\" class=\"yoast-schema-graph\">{\"@context\":\"https:\\\/\\\/schema.org\",\"@graph\":[{\"@type\":\"WebPage\",\"@id\":\"https:\\\/\\\/animefigurer.se\\\/figurer\\\/jujutsu-kaisen\\\/jujutsu-kaisen-artfx-j-toge-inumaki\\\/\",\"url\":\"https:\\\/\\\/animefigurer.se\\\/figurer\\\/jujutsu-kaisen\\\/jujutsu-kaisen-artfx-j-toge-inumaki\\\/\",\"name\":\"Jujutsu Kaisen ArtFX J Toge Inumaki | Animefigurer.se\",\"isPartOf\":{\"@id\":\"https:\\\/\\\/animefigurer.se\\\/#website\"},\"primaryImageOfPage\":{\"@id\":\"https:\\\/\\\/animefigurer.se\\\/figurer\\\/jujutsu-kaisen\\\/jujutsu-kaisen-artfx-j-toge-inumaki\\\/#primaryimage\"},\"image\":{\"@id\":\"https:\\\/\\\/animefigurer.se\\\/figurer\\\/jujutsu-kaisen\\\/jujutsu-kaisen-artfx-j-toge-inumaki\\\/#primaryimage\"},\"thumbnailUrl\":\"https:\\\/\\\/animefigurer.se\\\/wp-content\\\/uploads\\\/2025\\\/10\\\/62b32d7352353.jpeg\",\"datePublished\":\"2025-10-20T21:16:00+00:00\",\"dateModified\":\"2026-04-10T12:25:56+00:00\",\"breadcrumb\":{\"@id\":\"https:\\\/\\\/animefigurer.se\\\/figurer\\\/jujutsu-kaisen\\\/jujutsu-kaisen-artfx-j-toge-inumaki\\\/#breadcrumb\"},\"inLanguage\":\"en-GB\",\"potentialAction\":[{\"@type\":\"ReadAction\",\"target\":[\"https:\\\/\\\/animefigurer.se\\\/figurer\\\/jujutsu-kaisen\\\/jujutsu-kaisen-artfx-j-toge-inumaki\\\/\"]}]},{\"@type\":\"ImageObject\",\"inLanguage\":\"en-GB\",\"@id\":\"https:\\\/\\\/animefigurer.se\\\/figurer\\\/jujutsu-kaisen\\\/jujutsu-kaisen-artfx-j-toge-inumaki\\\/#primaryimage\",\"url\":\"https:\\\/\\\/animefigurer.se\\\/wp-content\\\/uploads\\\/2025\\\/10\\\/62b32d7352353.jpeg\",\"contentUrl\":\"https:\\\/\\\/animefigurer.se\\\/wp-content\\\/uploads\\\/2025\\\/10\\\/62b32d7352353.jpeg\",\"width\":720,\"height\":540},{\"@type\":\"BreadcrumbList\",\"@id\":\"https:\\\/\\\/animefigurer.se\\\/figurer\\\/jujutsu-kaisen\\\/jujutsu-kaisen-artfx-j-toge-inumaki\\\/#breadcrumb\",\"itemListElement\":[{\"@type\":\"ListItem\",\"position\":1,\"name\":\"Home\",\"item\":\"https:\\\/\\\/animefigurer.se\\\/\"},{\"@type\":\"ListItem\",\"position\":2,\"name\":\"Butik\",\"item\":\"https:\\\/\\\/animefigurer.se\\\/figurer\\\/\"},{\"@type\":\"ListItem\",\"position\":3,\"name\":\"Jujutsu Kaisen ArtFX J Toge Inumaki\"}]},{\"@type\":\"WebSite\",\"@id\":\"https:\\\/\\\/animefigurer.se\\\/#website\",\"url\":\"https:\\\/\\\/animefigurer.se\\\/\",\"name\":\"Animefigurer.se\",\"description\":\"Anime figurer fr\u00e5n \u00f6ver 300 olika anime serier med \u00f6ver 9000 produkter | Anime Shop\",\"publisher\":{\"@id\":\"https:\\\/\\\/animefigurer.se\\\/#organization\"},\"potentialAction\":[{\"@type\":\"SearchAction\",\"target\":{\"@type\":\"EntryPoint\",\"urlTemplate\":\"https:\\\/\\\/animefigurer.se\\\/?s={search_term_string}\"},\"query-input\":{\"@type\":\"PropertyValueSpecification\",\"valueRequired\":true,\"valueName\":\"search_term_string\"}}],\"inLanguage\":\"en-GB\"},{\"@type\":\"Organization\",\"@id\":\"https:\\\/\\\/animefigurer.se\\\/#organization\",\"name\":\"Animefigurer.se\",\"alternateName\":\"Anime figurer | Anime shop\",\"url\":\"https:\\\/\\\/animefigurer.se\\\/\",\"logo\":{\"@type\":\"ImageObject\",\"inLanguage\":\"en-GB\",\"@id\":\"https:\\\/\\\/animefigurer.se\\\/#\\\/schema\\\/logo\\\/image\\\/\",\"url\":\"https:\\\/\\\/animefigurer.se\\\/wp-content\\\/uploads\\\/2025\\\/12\\\/Animefigurer_logowhite.png\",\"contentUrl\":\"https:\\\/\\\/animefigurer.se\\\/wp-content\\\/uploads\\\/2025\\\/12\\\/Animefigurer_logowhite.png\",\"width\":1890,\"height\":1417,\"caption\":\"Animefigurer.se\"},\"image\":{\"@id\":\"https:\\\/\\\/animefigurer.se\\\/#\\\/schema\\\/logo\\\/image\\\/\"},\"sameAs\":[\"https:\\\/\\\/www.facebook.com\\\/profile.php?id=61581826539670\",\"https:\\\/\\\/www.instagram.com\\\/animefigurer.se\\\/\"],\"email\":\"info@animefigurer.se\"}]}<\/script>\n<!-- \/ Yoast SEO Premium plugin. -->","yoast_head_json":{"title":"Jujutsu Kaisen ArtFX J Toge Inumaki | Animefigurer.se","robots":{"index":"index","follow":"follow","max-snippet":"max-snippet:-1","max-image-preview":"max-image-preview:large","max-video-preview":"max-video-preview:-1"},"canonical":"http:\/\/animefigurer.se\/en\/figurer\/jujutsu-kaisen\/jujutsu-kaisen-artfx-j-toge-inumaki\/","og_locale":"en_GB","og_type":"article","og_title":"Jujutsu Kaisen ArtFX J Toge Inumaki","og_description":"Fr\u00e5n TV-animen JUJUTSU KAISEN kommer Toge Inumaki som en detaljrik skalafigur fr\u00e5n Kotobukiya! Han \u00e5terges i en stridsberedd pose d\u00e4r \u00e4ven sm\u00e5 detaljer som h\u00e5rstr\u00e5n och handens uttryck noggrant \u00e5tergetts. Hans karakteristiska nackv\u00e4rmare och h\u00f6gra arm \u00e4r utbytbara, s\u00e5 du kan visa honom med dragkedj","og_url":"http:\/\/animefigurer.se\/en\/figurer\/jujutsu-kaisen\/jujutsu-kaisen-artfx-j-toge-inumaki\/","og_site_name":"Animefigurer.se","article_publisher":"https:\/\/www.facebook.com\/profile.php?id=61581826539670","article_modified_time":"2026-04-10T12:25:56+00:00","og_image":[{"width":1890,"height":1417,"url":"https:\/\/animefigurer.se\/wp-content\/uploads\/2025\/12\/Animefigurer_logowhite.png","type":"image\/png"}],"twitter_card":"summary_large_image","schema":{"@context":"https:\/\/schema.org","@graph":[{"@type":"WebPage","@id":"https:\/\/animefigurer.se\/figurer\/jujutsu-kaisen\/jujutsu-kaisen-artfx-j-toge-inumaki\/","url":"https:\/\/animefigurer.se\/figurer\/jujutsu-kaisen\/jujutsu-kaisen-artfx-j-toge-inumaki\/","name":"Jujutsu Kaisen ArtFX J Toge Inumaki | Animefigurer.se","isPartOf":{"@id":"https:\/\/animefigurer.se\/#website"},"primaryImageOfPage":{"@id":"https:\/\/animefigurer.se\/figurer\/jujutsu-kaisen\/jujutsu-kaisen-artfx-j-toge-inumaki\/#primaryimage"},"image":{"@id":"https:\/\/animefigurer.se\/figurer\/jujutsu-kaisen\/jujutsu-kaisen-artfx-j-toge-inumaki\/#primaryimage"},"thumbnailUrl":"https:\/\/animefigurer.se\/wp-content\/uploads\/2025\/10\/62b32d7352353.jpeg","datePublished":"2025-10-20T21:16:00+00:00","dateModified":"2026-04-10T12:25:56+00:00","breadcrumb":{"@id":"https:\/\/animefigurer.se\/figurer\/jujutsu-kaisen\/jujutsu-kaisen-artfx-j-toge-inumaki\/#breadcrumb"},"inLanguage":"en-GB","potentialAction":[{"@type":"ReadAction","target":["https:\/\/animefigurer.se\/figurer\/jujutsu-kaisen\/jujutsu-kaisen-artfx-j-toge-inumaki\/"]}]},{"@type":"ImageObject","inLanguage":"en-GB","@id":"https:\/\/animefigurer.se\/figurer\/jujutsu-kaisen\/jujutsu-kaisen-artfx-j-toge-inumaki\/#primaryimage","url":"https:\/\/animefigurer.se\/wp-content\/uploads\/2025\/10\/62b32d7352353.jpeg","contentUrl":"https:\/\/animefigurer.se\/wp-content\/uploads\/2025\/10\/62b32d7352353.jpeg","width":720,"height":540},{"@type":"BreadcrumbList","@id":"https:\/\/animefigurer.se\/figurer\/jujutsu-kaisen\/jujutsu-kaisen-artfx-j-toge-inumaki\/#breadcrumb","itemListElement":[{"@type":"ListItem","position":1,"name":"Home","item":"https:\/\/animefigurer.se\/"},{"@type":"ListItem","position":2,"name":"Butik","item":"https:\/\/animefigurer.se\/figurer\/"},{"@type":"ListItem","position":3,"name":"Jujutsu Kaisen ArtFX J Toge Inumaki"}]},{"@type":"WebSite","@id":"https:\/\/animefigurer.se\/#website","url":"https:\/\/animefigurer.se\/","name":"Animefigurer.se","description":"Anime figures from over 300 different anime series with over 9000 products | Anime Shop","publisher":{"@id":"https:\/\/animefigurer.se\/#organization"},"potentialAction":[{"@type":"SearchAction","target":{"@type":"EntryPoint","urlTemplate":"https:\/\/animefigurer.se\/?s={search_term_string}"},"query-input":{"@type":"PropertyValueSpecification","valueRequired":true,"valueName":"search_term_string"}}],"inLanguage":"en-GB"},{"@type":"Organization","@id":"https:\/\/animefigurer.se\/#organization","name":"Animefigurer.se","alternateName":"Anime figurer | Anime shop","url":"https:\/\/animefigurer.se\/","logo":{"@type":"ImageObject","inLanguage":"en-GB","@id":"https:\/\/animefigurer.se\/#\/schema\/logo\/image\/","url":"https:\/\/animefigurer.se\/wp-content\/uploads\/2025\/12\/Animefigurer_logowhite.png","contentUrl":"https:\/\/animefigurer.se\/wp-content\/uploads\/2025\/12\/Animefigurer_logowhite.png","width":1890,"height":1417,"caption":"Animefigurer.se"},"image":{"@id":"https:\/\/animefigurer.se\/#\/schema\/logo\/image\/"},"sameAs":["https:\/\/www.facebook.com\/profile.php?id=61581826539670","https:\/\/www.instagram.com\/animefigurer.se\/"],"email":"info@animefigurer.se"}]}},"_links":{"self":[{"href":"http:\/\/animefigurer.se\/en\/wp-json\/wp\/v2\/product\/37492","targetHints":{"allow":["GET"]}}],"collection":[{"href":"http:\/\/animefigurer.se\/en\/wp-json\/wp\/v2\/product"}],"about":[{"href":"http:\/\/animefigurer.se\/en\/wp-json\/wp\/v2\/types\/product"}],"replies":[{"embeddable":true,"href":"http:\/\/animefigurer.se\/en\/wp-json\/wp\/v2\/comments?post=37492"}],"wp:featuredmedia":[{"embeddable":true,"href":"http:\/\/animefigurer.se\/en\/wp-json\/wp\/v2\/media\/37493"}],"wp:attachment":[{"href":"http:\/\/animefigurer.se\/en\/wp-json\/wp\/v2\/media?parent=37492"}],"wp:term":[{"taxonomy":"product_brand","embeddable":true,"href":"http:\/\/animefigurer.se\/en\/wp-json\/wp\/v2\/product_brand?post=37492"},{"taxonomy":"product_cat","embeddable":true,"href":"http:\/\/animefigurer.se\/en\/wp-json\/wp\/v2\/product_cat?post=37492"},{"taxonomy":"product_tag","embeddable":true,"href":"http:\/\/animefigurer.se\/en\/wp-json\/wp\/v2\/product_tag?post=37492"},{"taxonomy":"giftcard-category","embeddable":true,"href":"http:\/\/animefigurer.se\/en\/wp-json\/wp\/v2\/giftcard-category?post=37492"}],"curies":[{"name":"wp","href":"https:\/\/api.w.org\/{rel}","templated":true}]}}